{"id":11,"date":"2023-09-20T10:11:16","date_gmt":"2023-09-20T10:11:16","guid":{"rendered":"https:\/\/monitortecnologico.com\/?page_id=11"},"modified":"2026-03-12T17:48:01","modified_gmt":"2026-03-12T16:48:01","slug":"inicio","status":"publish","type":"page","link":"https:\/\/monitortecnologico.com\/","title":{"rendered":"Inicio"},"content":{"rendered":"\t\t<div data-elementor-type=\"wp-page\" data-elementor-id=\"11\" class=\"elementor elementor-11\">\n\t\t\t\t<div class=\"elementor-element elementor-element-5841093 e-con-full e-flex e-con e-parent\" data-id=\"5841093\" data-element_type=\"container\" data-e-type=\"container\" id=\"portada\" data-settings=\"{&quot;background_background&quot;:&quot;classic&quot;,&quot;jet_parallax_layout_list&quot;:[]}\">\n\t\t<div class=\"elementor-element elementor-element-72b1786 e-con-full e-flex e-con e-child\" data-id=\"72b1786\" data-element_type=\"container\" data-e-type=\"container\" data-settings=\"{&quot;jet_parallax_layout_list&quot;:[]}\">\n\t\t\t\t<div class=\"elementor-element elementor-element-279fe61 elementor-widget-divider--view-line elementor-widget elementor-widget-divider\" data-id=\"279fe61\" data-element_type=\"widget\" data-e-type=\"widget\" data-widget_type=\"divider.default\">\n\t\t\t\t<div class=\"elementor-widget-container\">\n\t\t\t\t\t\t\t<div class=\"elementor-divider\">\n\t\t\t<span class=\"elementor-divider-separator\">\n\t\t\t\t\t\t<\/span>\n\t\t<\/div>\n\t\t\t\t\t\t<\/div>\n\t\t\t\t<\/div>\n\t\t\t\t<div class=\"elementor-element elementor-element-f474251 elementor-widget elementor-widget-heading\" data-id=\"f474251\" data-element_type=\"widget\" data-e-type=\"widget\" data-widget_type=\"heading.default\">\n\t\t\t\t<div class=\"elementor-widget-container\">\n\t\t\t\t\t<h2 class=\"elementor-heading-title elementor-size-default\">FORMACI\u00d3N PARA MONITORES TECNOL\u00d3GICOS<\/h2>\t\t\t\t<\/div>\n\t\t\t\t<\/div>\n\t\t<div class=\"elementor-element elementor-element-144c4c7 e-flex e-con-boxed e-con e-child\" data-id=\"144c4c7\" data-element_type=\"container\" data-e-type=\"container\" data-settings=\"{&quot;jet_parallax_layout_list&quot;:[]}\">\n\t\t\t\t\t<div class=\"e-con-inner\">\n\t\t\t\t<div class=\"elementor-element elementor-element-fde7663 elementor-widget elementor-widget-text-editor\" data-id=\"fde7663\" data-element_type=\"widget\" data-e-type=\"widget\" data-widget_type=\"text-editor.default\">\n\t\t\t\t<div class=\"elementor-widget-container\">\n\t\t\t\t\t\t\t\t\t<p>Dirigido a: Monitores de Ocio y Tiempo Libre y Estudiantes UPM<\/p>\t\t\t\t\t\t\t\t<\/div>\n\t\t\t\t<\/div>\n\t\t\t\t\t<\/div>\n\t\t\t\t<\/div>\n\t\t\t\t<\/div>\n\t\t\t\t<\/div>\n\t\t<div class=\"elementor-element elementor-element-916e82d e-con-full e-flex e-con e-parent\" data-id=\"916e82d\" data-element_type=\"container\" data-e-type=\"container\" id=\"objetivos\" data-settings=\"{&quot;background_background&quot;:&quot;classic&quot;,&quot;jet_parallax_layout_list&quot;:[]}\">\n\t\t<div class=\"elementor-element elementor-element-8fbff59 e-con-full e-flex e-con e-child\" data-id=\"8fbff59\" data-element_type=\"container\" data-e-type=\"container\" data-settings=\"{&quot;jet_parallax_layout_list&quot;:[]}\">\n\t\t\t\t<\/div>\n\t\t<div class=\"elementor-element elementor-element-4370d4b e-con-full e-flex e-con e-child\" data-id=\"4370d4b\" data-element_type=\"container\" data-e-type=\"container\" data-settings=\"{&quot;jet_parallax_layout_list&quot;:[]}\">\n\t\t\t\t<div class=\"elementor-element elementor-element-b7ff6d4 elementor-widget elementor-widget-heading\" data-id=\"b7ff6d4\" data-element_type=\"widget\" data-e-type=\"widget\" data-widget_type=\"heading.default\">\n\t\t\t\t<div class=\"elementor-widget-container\">\n\t\t\t\t\t<h2 class=\"elementor-heading-title elementor-size-default\">Obtenci\u00f3n de competencias de docencia en el \u00e1mbito tecnol\u00f3gico para ni\u00f1os.<\/h2>\t\t\t\t<\/div>\n\t\t\t\t<\/div>\n\t\t\t\t<\/div>\n\t\t\t\t<\/div>\n\t\t<div class=\"elementor-element elementor-element-fdaf828 e-grid e-con-boxed e-con e-parent\" data-id=\"fdaf828\" data-element_type=\"container\" data-e-type=\"container\" data-settings=\"{&quot;jet_parallax_layout_list&quot;:[]}\">\n\t\t\t\t\t<div class=\"e-con-inner\">\n\t\t\t\t<div class=\"elementor-element elementor-element-c572c68 elementor-widget elementor-widget-heading\" data-id=\"c572c68\" data-element_type=\"widget\" data-e-type=\"widget\" id=\"precio\" data-widget_type=\"heading.default\">\n\t\t\t\t<div class=\"elementor-widget-container\">\n\t\t\t\t\t<h2 class=\"elementor-heading-title elementor-size-default\">Precio \/ Fechas<\/h2>\t\t\t\t<\/div>\n\t\t\t\t<\/div>\n\t\t\t\t\t<\/div>\n\t\t\t\t<\/div>\n\t\t<div class=\"elementor-element elementor-element-9adadb6 e-flex e-con-boxed e-con e-parent\" data-id=\"9adadb6\" data-element_type=\"container\" data-e-type=\"container\" data-settings=\"{&quot;jet_parallax_layout_list&quot;:[]}\">\n\t\t\t\t\t<div class=\"e-con-inner\">\n\t\t<div class=\"elementor-element elementor-element-40efff3 e-con-full e-flex e-con e-child\" data-id=\"40efff3\" data-element_type=\"container\" data-e-type=\"container\" data-settings=\"{&quot;jet_parallax_layout_list&quot;:[]}\">\n\t\t\t\t<div class=\"elementor-element elementor-element-2856a75 elementor-widget elementor-widget-text-editor\" data-id=\"2856a75\" data-element_type=\"widget\" data-e-type=\"widget\" data-widget_type=\"text-editor.default\">\n\t\t\t\t<div class=\"elementor-widget-container\">\n\t\t\t\t\t\t\t\t\t<p>Precio: 95,00 \u20ac<\/p><p>Ediciones programadas:<\/p><ul><li>1\u00aa Edici\u00f3n: 21 \u2013 23 abril<\/li><li>2\u00aa Edici\u00f3n: 5 \u2013 7 mayo<\/li><li>3\u00aa Edici\u00f3n: 19 \u2013 21 mayo<\/li><\/ul><p>Fechas: viernes por la tarde, s\u00e1bados y\/o domingos<\/p><p>N\u00famero de participantes: M\u00ednimo 10, m\u00e1ximo 20<\/p><p>Incluye:<\/p><ul><li>Docente experta en la materia<\/li><li>Puesta a disposici\u00f3n del material para el curso<\/li><li>Tutor\u00edas y resoluci\u00f3n de dudas al finalizar el curso durante un mes<\/li><li>Ejemplos de cada bloque con gu\u00edas paso a paso para el profesor<\/li><li>Presentaciones PowerPoint<\/li><li>T\u00edtulo acreditativo de 16 horas de la Fundaci\u00f3n General de la Universidad Polit\u00e9cnica de Madrid<\/li><li>Posibilidad de trabajar en el Campamento Tecnol\u00f3gico de la UPM en Cercedilla.<\/li><\/ul><p>LUGAR DE CELEBRACI\u00d3N:<br \/>Aula Formativa de la Fundaci\u00f3n General de la UPM.<br \/>Calle del Pastor 3, Madrid<br \/>Metro\u00a0<strong>Vicente Alexandre<\/strong><br \/><a href=\"https:\/\/goo.gl\/maps\/1X8f29J8U7fhfjyV6\">https:\/\/goo.gl\/maps\/1X8f29J8U7fhfjyV6<\/a><\/p>\t\t\t\t\t\t\t\t<\/div>\n\t\t\t\t<\/div>\n\t\t\t\t<\/div>\n\t\t<div class=\"elementor-element elementor-element-c118ae3 e-con-full e-flex e-con e-child\" data-id=\"c118ae3\" data-element_type=\"container\" data-e-type=\"container\" data-settings=\"{&quot;jet_parallax_layout_list&quot;:[]}\">\n\t\t\t\t<div class=\"elementor-element elementor-element-cc599f5 elementor-widget elementor-widget-image\" data-id=\"cc599f5\" data-element_type=\"widget\" data-e-type=\"widget\" data-widget_type=\"image.default\">\n\t\t\t\t<div class=\"elementor-widget-container\">\n\t\t\t\t\t\t\t\t\t\t\t\t\t\t\t<img fetchpriority=\"high\" decoding=\"async\" width=\"288\" height=\"513\" src=\"https:\/\/monitortecnologico.com\/wp-content\/uploads\/2023\/11\/calendario2-1.jpeg\" class=\"attachment-2048x2048 size-2048x2048 wp-image-436\" alt=\"\" srcset=\"https:\/\/monitortecnologico.com\/wp-content\/uploads\/2023\/11\/calendario2-1.jpeg 288w, https:\/\/monitortecnologico.com\/wp-content\/uploads\/2023\/11\/calendario2-1-168x300.jpeg 168w\" sizes=\"(max-width: 288px) 100vw, 288px\" \/>\t\t\t\t\t\t\t\t\t\t\t\t\t\t\t<\/div>\n\t\t\t\t<\/div>\n\t\t\t\t<\/div>\n\t\t\t\t\t<\/div>\n\t\t\t\t<\/div>\n\t\t<div class=\"elementor-element elementor-element-1a27e15 e-con-full e-flex e-con e-parent\" data-id=\"1a27e15\" data-element_type=\"container\" data-e-type=\"container\" id=\"programa\" data-settings=\"{&quot;background_background&quot;:&quot;classic&quot;,&quot;jet_parallax_layout_list&quot;:[]}\">\n\t\t\t\t<div class=\"elementor-element elementor-element-2684288 elementor-widget elementor-widget-heading\" data-id=\"2684288\" data-element_type=\"widget\" data-e-type=\"widget\" data-widget_type=\"heading.default\">\n\t\t\t\t<div class=\"elementor-widget-container\">\n\t\t\t\t\t<h2 class=\"elementor-heading-title elementor-size-default\">Bloques tem\u00e1ticos<\/h2>\t\t\t\t<\/div>\n\t\t\t\t<\/div>\n\t\t\t\t<\/div>\n\t\t<div class=\"elementor-element elementor-element-a1e6bb7 e-flex e-con-boxed e-con e-parent\" data-id=\"a1e6bb7\" data-element_type=\"container\" data-e-type=\"container\" data-settings=\"{&quot;background_background&quot;:&quot;classic&quot;,&quot;jet_parallax_layout_list&quot;:[]}\">\n\t\t\t\t\t<div class=\"e-con-inner\">\n\t\t\t\t<div class=\"elementor-element elementor-element-1efb926 elementor-widget elementor-widget-image\" data-id=\"1efb926\" data-element_type=\"widget\" data-e-type=\"widget\" data-widget_type=\"image.default\">\n\t\t\t\t<div class=\"elementor-widget-container\">\n\t\t\t\t\t\t\t\t\t\t\t\t\t\t\t<img decoding=\"async\" width=\"761\" height=\"225\" src=\"https:\/\/monitortecnologico.com\/wp-content\/uploads\/2023\/11\/programa-mt.jpeg\" class=\"attachment-large size-large wp-image-447\" alt=\"\" srcset=\"https:\/\/monitortecnologico.com\/wp-content\/uploads\/2023\/11\/programa-mt.jpeg 761w, https:\/\/monitortecnologico.com\/wp-content\/uploads\/2023\/11\/programa-mt-300x89.jpeg 300w\" sizes=\"(max-width: 761px) 100vw, 761px\" \/>\t\t\t\t\t\t\t\t\t\t\t\t\t\t\t<\/div>\n\t\t\t\t<\/div>\n\t\t\t\t<div class=\"elementor-element elementor-element-b24a9d4 elementor-widget elementor-widget-text-editor\" data-id=\"b24a9d4\" data-element_type=\"widget\" data-e-type=\"widget\" data-widget_type=\"text-editor.default\">\n\t\t\t\t<div class=\"elementor-widget-container\">\n\t\t\t\t\t\t\t\t\t<p style=\"color: white; font-size: 22pt; text-align: center;\">Duraci\u00f3n estimada: 16 horas<\/p>\n<p style=\"color: white; font-size: 22pt; text-align: center;\">Formato: <strong>Presencial<\/strong><\/p>\n<p style=\"color: white; font-size: 22pt; text-align: center;\">Requisitos: No se necesitan conocimientos avanzados de programaci\u00f3n, cada alumno aportar\u00e1 su port\u00e1til (posibilidad de pr\u00e9stamo en casos puntuales)<\/p>\n<p>\u00a0<\/p>\n<p style=\"color: white; font-size: 22pt; text-align: center;\"><strong>HORARIO DEL CURSO:<\/strong><\/p>\n<p style=\"color: white; font-size: 22pt; text-align: center;\">Viernes de 16:00 a 20:00<\/p>\n<p style=\"color: white; font-size: 22pt; text-align: center;\">S\u00e1bado de 10:00 a 17:00, con una parada de 1 hora para comer.<\/p>\n<p style=\"color: white; font-size: 22pt; text-align: center;\">Domingo de 10:00 a 17:00 con una parada de 1 hora para comer.<\/p>\t\t\t\t\t\t\t\t<\/div>\n\t\t\t\t<\/div>\n\t\t\t\t\t<\/div>\n\t\t\t\t<\/div>\n\t\t<div class=\"elementor-element elementor-element-e477938 e-flex e-con-boxed e-con e-parent\" data-id=\"e477938\" data-element_type=\"container\" data-e-type=\"container\" id=\"contactar\" data-settings=\"{&quot;background_background&quot;:&quot;classic&quot;,&quot;jet_parallax_layout_list&quot;:[]}\">\n\t\t\t\t\t<div class=\"e-con-inner\">\n\t\t\t\t<div class=\"elementor-element elementor-element-50fe51a elementor-widget elementor-widget-heading\" data-id=\"50fe51a\" data-element_type=\"widget\" data-e-type=\"widget\" data-widget_type=\"heading.default\">\n\t\t\t\t<div class=\"elementor-widget-container\">\n\t\t\t\t\t<h2 class=\"elementor-heading-title elementor-size-default\">Contactar<\/h2>\t\t\t\t<\/div>\n\t\t\t\t<\/div>\n\t\t\t\t<div class=\"elementor-element elementor-element-7348134 elementor-widget elementor-widget-text-editor\" data-id=\"7348134\" data-element_type=\"widget\" data-e-type=\"widget\" data-widget_type=\"text-editor.default\">\n\t\t\t\t<div class=\"elementor-widget-container\">\n\t\t\t\t\t\t\t\t\t<p>Estamos a su disposici\u00f3n. Rellena el formulario.<\/p>\t\t\t\t\t\t\t\t<\/div>\n\t\t\t\t<\/div>\n\t\t\t\t<div class=\"elementor-element elementor-element-0598d7d elementor-widget elementor-widget-html\" data-id=\"0598d7d\" data-element_type=\"widget\" data-e-type=\"widget\" data-widget_type=\"html.default\">\n\t\t\t\t<div class=\"elementor-widget-container\">\n\t\t\t\t\t<iframe aria-label='Formulario contacto monitortecnologico.es' frameborder=\"0\" style=\"height:1000px;width:99%;border:none;\" src='https:\/\/forms.zohopublic.com\/bibliotecaonline\/form\/Formulariocontactomonitortecnologicoes\/formperma\/VS09dbYjgYDMHNzQVQ7_Ra-d1aS5csqO0OiiCdIbSV8'><\/iframe>\t\t\t\t<\/div>\n\t\t\t\t<\/div>\n\t\t\t\t\t<\/div>\n\t\t\t\t<\/div>\n\t\t<div class=\"elementor-element elementor-element-0d33e10 e-flex e-con-boxed e-con e-parent\" data-id=\"0d33e10\" data-element_type=\"container\" data-e-type=\"container\" id=\"inscripcion\" data-settings=\"{&quot;background_background&quot;:&quot;classic&quot;,&quot;jet_parallax_layout_list&quot;:[]}\">\n\t\t\t\t\t<div class=\"e-con-inner\">\n\t\t\t\t<div class=\"elementor-element elementor-element-2c592c4 elementor-widget elementor-widget-heading\" data-id=\"2c592c4\" data-element_type=\"widget\" data-e-type=\"widget\" data-widget_type=\"heading.default\">\n\t\t\t\t<div class=\"elementor-widget-container\">\n\t\t\t\t\t<h2 class=\"elementor-heading-title elementor-size-default\">Formulario de Inscripci\u00f3n Curso de Monitores Tecnol\u00f3gicos UPM<\/h2>\t\t\t\t<\/div>\n\t\t\t\t<\/div>\n\t\t\t\t<div class=\"elementor-element elementor-element-6d0a2fc elementor-widget elementor-widget-heading\" data-id=\"6d0a2fc\" data-element_type=\"widget\" data-e-type=\"widget\" data-widget_type=\"heading.default\">\n\t\t\t\t<div class=\"elementor-widget-container\">\n\t\t\t\t\t<h2 class=\"elementor-heading-title elementor-size-default\">Per\u00edodo de matr\u00edcula cerrado<\/h2>\t\t\t\t<\/div>\n\t\t\t\t<\/div>\n\t\t\t\t<div class=\"elementor-element elementor-element-c2c70b5 elementor-hidden-desktop elementor-hidden-tablet elementor-hidden-mobile elementor-widget elementor-widget-html\" data-id=\"c2c70b5\" data-element_type=\"widget\" data-e-type=\"widget\" data-widget_type=\"html.default\">\n\t\t\t\t<div class=\"elementor-widget-container\">\n\t\t\t\t\t<iframe frameborder=\"0\" style=\"height:1800px;width:99%;border:none;\" src='https:\/\/forms.zohopublic.com\/bibliotecaonline\/form\/CursodeMonitoresTecnolgicosUPM\/formperma\/9RzHYw5_T0dPd6iMlviW5OR5IKv1cyvGDymYUCD0OOc'><\/iframe>\t\t\t\t<\/div>\n\t\t\t\t<\/div>\n\t\t\t\t\t<\/div>\n\t\t\t\t<\/div>\n\t\t<div class=\"elementor-element elementor-element-0b8803a e-flex e-con-boxed e-con e-parent\" data-id=\"0b8803a\" data-element_type=\"container\" data-e-type=\"container\" data-settings=\"{&quot;jet_parallax_layout_list&quot;:[]}\">\n\t\t\t\t\t<div class=\"e-con-inner\">\n\t\t\t\t<div class=\"elementor-element elementor-element-90ca94d elementor-widget elementor-widget-jet-scroll-navigation\" data-id=\"90ca94d\" data-element_type=\"widget\" data-e-type=\"widget\" data-widget_type=\"jet-scroll-navigation.default\">\n\t\t\t\t<div class=\"elementor-widget-container\">\n\t\t\t\t\t<div class=\"elementor-jet-scroll-navigation jet-elements\"><div class=\"jet-scroll-navigation jet-scroll-navigation--position-right jet-scroll-navigation--show-active-hint\" data-settings='{&quot;position&quot;:&quot;right&quot;,&quot;offset&quot;:0,&quot;scroll_threshold&quot;:5,&quot;sectionSwitch&quot;:false,&quot;sectionSwitchOnMobile&quot;:true,&quot;hintShowType&quot;:&quot;show-active-hint&quot;,&quot;sectionIdVisibility&quot;:false}'><div class=\"jet-scroll-navigation__inner\">\n<div class=\"jet-scroll-navigation__item\" data-anchor=\"apuesta\" data-invert=\"no\">\n\t<div class=\"jet-scroll-navigation__dot\">\t<\/div>\n\t<div class=\"jet-scroll-navigation__item-hint\"><span class=\"jet-scroll-navigation__label\">Apuesta<\/span>\t<\/div>\n<\/div>\n\n<div class=\"jet-scroll-navigation__item\" data-anchor=\"precio\" >\n\t<div class=\"jet-scroll-navigation__dot\">\t<\/div>\n\t<div class=\"jet-scroll-navigation__item-hint\"><span class=\"jet-scroll-navigation__label\">Precio<\/span>\t<\/div>\n<\/div>\n\n<div class=\"jet-scroll-navigation__item\" data-anchor=\"programa\" data-invert=\"no\">\n\t<div class=\"jet-scroll-navigation__dot\">\t<\/div>\n\t<div class=\"jet-scroll-navigation__item-hint\"><span class=\"jet-scroll-navigation__label\">Programa<\/span>\t<\/div>\n<\/div>\n\n<div class=\"jet-scroll-navigation__item\" data-anchor=\"inscripcion\" data-invert=\"no\">\n\t<div class=\"jet-scroll-navigation__dot\">\t<\/div>\n\t<div class=\"jet-scroll-navigation__item-hint\"><span class=\"jet-scroll-navigation__label\">Inscripci\u00f3n<\/span>\t<\/div>\n<\/div>\n\n<div class=\"jet-scroll-navigation__item\" data-anchor=\"contactar\" data-invert=\"no\">\n\t<div class=\"jet-scroll-navigation__dot\">\t<\/div>\n\t<div class=\"jet-scroll-navigation__item-hint\"><span class=\"jet-scroll-navigation__label\">Contactar<\/span>\t<\/div>\n<\/div>\n\n<\/div>\n<\/div>\n<\/div>\t\t\t\t<\/div>\n\t\t\t\t<\/div>\n\t\t\t\t\t<\/div>\n\t\t\t\t<\/div>\n\t\t\t\t<\/div>\n\t\t","protected":false},"excerpt":{"rendered":"<p>FORMACI\u00d3N PARA MONITORES TECNOL\u00d3GICOS Dirigido a: Monitores de Ocio y Tiempo Libre y Estudiantes UPM Obtenci\u00f3n de competencias de docencia en el \u00e1mbito tecnol\u00f3gico para ni\u00f1os. Precio \/ Fechas Precio: 95,00 \u20ac Ediciones programadas: 1\u00aa Edici\u00f3n: 21 \u2013 23 abril 2\u00aa Edici\u00f3n: 5 \u2013 7 mayo 3\u00aa Edici\u00f3n: 19 \u2013 21 mayo Fechas: viernes por [&hellip;]<\/p>\n","protected":false},"author":1,"featured_media":0,"parent":0,"menu_order":0,"comment_status":"closed","ping_status":"closed","template":"","meta":{"footnotes":""},"class_list":["post-11","page","type-page","status-publish","hentry"],"_links":{"self":[{"href":"https:\/\/monitortecnologico.com\/index.php\/wp-json\/wp\/v2\/pages\/11","targetHints":{"allow":["GET"]}}],"collection":[{"href":"https:\/\/monitortecnologico.com\/index.php\/wp-json\/wp\/v2\/pages"}],"about":[{"href":"https:\/\/monitortecnologico.com\/index.php\/wp-json\/wp\/v2\/types\/page"}],"author":[{"embeddable":true,"href":"https:\/\/monitortecnologico.com\/index.php\/wp-json\/wp\/v2\/users\/1"}],"replies":[{"embeddable":true,"href":"https:\/\/monitortecnologico.com\/index.php\/wp-json\/wp\/v2\/comments?post=11"}],"version-history":[{"count":232,"href":"https:\/\/monitortecnologico.com\/index.php\/wp-json\/wp\/v2\/pages\/11\/revisions"}],"predecessor-version":[{"id":493,"href":"https:\/\/monitortecnologico.com\/index.php\/wp-json\/wp\/v2\/pages\/11\/revisions\/493"}],"wp:attachment":[{"href":"https:\/\/monitortecnologico.com\/index.php\/wp-json\/wp\/v2\/media?parent=11"}],"curies":[{"name":"wp","href":"https:\/\/api.w.org\/{rel}","templated":true}]}}